{"id":803,"date":"2024-04-20T19:43:10","date_gmt":"2024-04-20T17:43:10","guid":{"rendered":"https:\/\/opoleyouthchoir.pl\/?page_id=803"},"modified":"2024-04-21T10:58:29","modified_gmt":"2024-04-21T08:58:29","slug":"babskie-vocalove","status":"publish","type":"page","link":"https:\/\/opoleyouthchoir.pl\/?page_id=803","title":{"rendered":"BABSKIE VOCALOVE"},"content":{"rendered":"<div id=\"pl-803\"  class=\"panel-layout\" ><div id=\"pg-803-0\"  class=\"panel-grid panel-has-style\" ><div class=\"siteorigin-panels-stretch panel-row-style panel-row-style-for-803-0\" data-stretch-type=\"full\" ><div id=\"pgc-803-0-0\"  class=\"panel-grid-cell\" ><div id=\"panel-803-0-0-0\" class=\"so-panel widget widget_text panel-first-child panel-last-child\" data-index=\"0\" >\t\t\t<div class=\"textwidget\"><p>&nbsp;<\/p>\n<p>&nbsp;<\/p>\n<p>&nbsp;<\/p>\n<p>&nbsp;<\/p>\n<p>&nbsp;<\/p>\n<p>&nbsp;<\/p>\n<p>&nbsp;<\/p>\n<p>&nbsp;<\/p>\n<p>&nbsp;<\/p>\n<p>&nbsp;<\/p>\n<p>&nbsp;<\/p>\n<\/div>\n\t\t<\/div><\/div><\/div><\/div><div id=\"pg-803-1\"  class=\"panel-grid panel-no-style\" ><div id=\"pgc-803-1-0\"  class=\"panel-grid-cell\" ><div id=\"panel-803-1-0-0\" class=\"so-panel widget widget_text panel-first-child panel-last-child\" data-index=\"1\" >\t\t\t<div class=\"textwidget\"><p>&nbsp;<\/p>\n<p>&nbsp;<\/p>\n<\/div>\n\t\t<\/div><\/div><\/div><div id=\"pg-803-2\"  class=\"panel-grid panel-has-style\" ><div class=\"siteorigin-panels-stretch panel-row-style panel-row-style-for-803-2\" data-stretch-type=\"full\" ><div id=\"pgc-803-2-0\"  class=\"panel-grid-cell\" ><div id=\"panel-803-2-0-0\" class=\"so-panel widget widget_text panel-first-child panel-last-child\" data-index=\"2\" ><h3 class=\"widget-title\">Babskie VocaLove<\/h3>\t\t\t<div class=\"textwidget\"><p>Babskie VocaLove to dwie formacje dla kobiet, kt\u00f3re po\u0142\u0105czy\u0142a pasja do \u015bpiewania. Pierwsza grupa powsta\u0142a w 2019 roku, a ju\u017c w 2022 pojawi\u0142a si\u0119 kolejna. Utalentowane kobiety trenuj\u0105 swoje wokale grupowo i indywidualnie, pracuj\u0105 nad niesztampowymi piosenkami, wyst\u0119puj\u0105 podczas du\u017cych koncert\u00f3w, nagrywaj\u0105 w studio, bior\u0105 udzia\u0142 w teledyskach.<\/p>\n<\/div>\n\t\t<\/div><\/div><div id=\"pgc-803-2-1\"  class=\"panel-grid-cell\" ><div id=\"panel-803-2-1-0\" class=\"so-panel widget widget_media_image panel-first-child panel-last-child\" data-index=\"3\" ><img width=\"1449\" height=\"907\" src=\"https:\/\/opoleyouthchoir.pl\/wp-content\/uploads\/2024\/04\/IMG_5957-e1713635427896.jpg\" class=\"image wp-image-813  attachment-full size-full\" alt=\"\" loading=\"lazy\" style=\"max-width: 100%; height: auto;\" srcset=\"https:\/\/opoleyouthchoir.pl\/wp-content\/uploads\/2024\/04\/IMG_5957-e1713635427896.jpg 1449w, https:\/\/opoleyouthchoir.pl\/wp-content\/uploads\/2024\/04\/IMG_5957-e1713635427896-300x188.jpg 300w, https:\/\/opoleyouthchoir.pl\/wp-content\/uploads\/2024\/04\/IMG_5957-e1713635427896-1024x641.jpg 1024w, https:\/\/opoleyouthchoir.pl\/wp-content\/uploads\/2024\/04\/IMG_5957-e1713635427896-768x481.jpg 768w\" sizes=\"(max-width: 1449px) 100vw, 1449px\" \/><\/div><\/div><\/div><\/div><div id=\"pg-803-3\"  class=\"panel-grid panel-no-style\" ><div id=\"pgc-803-3-0\"  class=\"panel-grid-cell panel-grid-cell-mobile-last\" ><div id=\"panel-803-3-0-0\" class=\"so-panel widget widget_text panel-first-child panel-last-child\" data-index=\"4\" >\t\t\t<div class=\"textwidget\"><p>&nbsp;<\/p>\n<p>&nbsp;<\/p>\n<\/div>\n\t\t<\/div><\/div><div id=\"pgc-803-3-1\"  class=\"panel-grid-cell panel-grid-cell-empty\" ><\/div><\/div><div id=\"pg-803-4\"  class=\"panel-grid panel-has-style\" ><div class=\"siteorigin-panels-stretch panel-row-style panel-row-style-for-803-4\" data-stretch-type=\"full\" ><div id=\"pgc-803-4-0\"  class=\"panel-grid-cell\" ><div id=\"panel-803-4-0-0\" class=\"so-panel widget widget_media_image panel-first-child panel-last-child\" data-index=\"5\" ><img width=\"1920\" height=\"1280\" src=\"https:\/\/opoleyouthchoir.pl\/wp-content\/uploads\/2024\/04\/IMG_5363.jpg\" class=\"image wp-image-824  attachment-full size-full\" alt=\"\" loading=\"lazy\" style=\"max-width: 100%; height: auto;\" srcset=\"https:\/\/opoleyouthchoir.pl\/wp-content\/uploads\/2024\/04\/IMG_5363.jpg 1920w, https:\/\/opoleyouthchoir.pl\/wp-content\/uploads\/2024\/04\/IMG_5363-300x200.jpg 300w, https:\/\/opoleyouthchoir.pl\/wp-content\/uploads\/2024\/04\/IMG_5363-1024x683.jpg 1024w, https:\/\/opoleyouthchoir.pl\/wp-content\/uploads\/2024\/04\/IMG_5363-768x512.jpg 768w, https:\/\/opoleyouthchoir.pl\/wp-content\/uploads\/2024\/04\/IMG_5363-1536x1024.jpg 1536w\" sizes=\"(max-width: 1920px) 100vw, 1920px\" \/><\/div><\/div><div id=\"pgc-803-4-1\"  class=\"panel-grid-cell\" ><div id=\"panel-803-4-1-0\" class=\"so-panel widget widget_text panel-first-child panel-last-child\" data-index=\"6\" ><h3 class=\"widget-title\">PR\u00d3BY<\/h3>\t\t\t<div class=\"textwidget\"><p>Pr\u00f3by odbywaj\u0105 si\u0119 w ma\u0142ych grupach, do 8 os\u00f3b, regularnie co tygodnia we wtorki. Wtorki s\u0105 totalnie babskie! Pracujemy nad technik\u0105, piosenkami, przygotowujemy si\u0119 do koncert\u00f3w i projekt\u00f3w, zacie\u015bniamy przyja\u017anie \ud83d\ude42<\/p>\n<p>Wi\u0119cej szczeg\u00f3\u0142\u00f3w znajdziesz tu: <a href=\"https:\/\/msgugu.com\/vocalove\/\" target=\"_blank\" rel=\"noopener\">Babskie VocaLove w MsGugu Studio<\/a><\/p>\n<\/div>\n\t\t<\/div><\/div><\/div><\/div><div id=\"pg-803-5\"  class=\"panel-grid panel-no-style\" ><div id=\"pgc-803-5-0\"  class=\"panel-grid-cell panel-grid-cell-mobile-last\" ><div id=\"panel-803-5-0-0\" class=\"so-panel widget widget_text panel-first-child panel-last-child\" data-index=\"7\" >\t\t\t<div class=\"textwidget\"><p>&nbsp;<\/p>\n<p>&nbsp;<\/p>\n<\/div>\n\t\t<\/div><\/div><div id=\"pgc-803-5-1\"  class=\"panel-grid-cell panel-grid-cell-empty\" ><\/div><\/div><div id=\"pg-803-6\"  class=\"panel-grid panel-no-style\" ><div id=\"pgc-803-6-0\"  class=\"panel-grid-cell\" ><div id=\"panel-803-6-0-0\" class=\"so-panel widget widget_media_video panel-first-child panel-last-child\" data-index=\"8\" ><div style=\"width:100%;\" class=\"wp-video\"><!--[if lt IE 9]><script>document.createElement('video');<\/script><![endif]-->\n<video class=\"wp-video-shortcode\" id=\"video-803-1\" preload=\"metadata\" controls=\"controls\"><source type=\"video\/youtube\" src=\"https:\/\/www.youtube.com\/watch?v=zuPq307Eavk&#038;_=1\" \/><a href=\"https:\/\/www.youtube.com\/watch?v=zuPq307Eavk\" data-rel=\"lightbox-video-0\">https:\/\/www.youtube.com\/watch?v=zuPq307Eavk<\/a><\/video><\/div><\/div><\/div><\/div><\/div>","protected":false},"excerpt":{"rendered":"<p>&nbsp; &nbsp; &nbsp; &nbsp; &nbsp; &nbsp; &nbsp; &nbsp; &nbsp; &nbsp; &nbsp; &nbsp; &nbsp;<\/p>\n","protected":false},"author":1,"featured_media":0,"parent":0,"menu_order":0,"comment_status":"closed","ping_status":"closed","template":"","meta":[],"_links":{"self":[{"href":"https:\/\/opoleyouthchoir.pl\/index.php?rest_route=\/wp\/v2\/pages\/803"}],"collection":[{"href":"https:\/\/opoleyouthchoir.pl\/index.php?rest_route=\/wp\/v2\/pages"}],"about":[{"href":"https:\/\/opoleyouthchoir.pl\/index.php?rest_route=\/wp\/v2\/types\/page"}],"author":[{"embeddable":true,"href":"https:\/\/opoleyouthchoir.pl\/index.php?rest_route=\/wp\/v2\/users\/1"}],"replies":[{"embeddable":true,"href":"https:\/\/opoleyouthchoir.pl\/index.php?rest_route=%2Fwp%2Fv2%2Fcomments&post=803"}],"version-history":[{"count":20,"href":"https:\/\/opoleyouthchoir.pl\/index.php?rest_route=\/wp\/v2\/pages\/803\/revisions"}],"predecessor-version":[{"id":828,"href":"https:\/\/opoleyouthchoir.pl\/index.php?rest_route=\/wp\/v2\/pages\/803\/revisions\/828"}],"wp:attachment":[{"href":"https:\/\/opoleyouthchoir.pl\/index.php?rest_route=%2Fwp%2Fv2%2Fmedia&parent=803"}],"curies":[{"name":"wp","href":"https:\/\/api.w.org\/{rel}","templated":true}]}}