{"id":523,"date":"2020-10-18T15:01:19","date_gmt":"2020-10-18T13:01:19","guid":{"rendered":"https:\/\/opoleyouthchoir.pl\/?page_id=523"},"modified":"2020-10-18T15:29:46","modified_gmt":"2020-10-18T13:29:46","slug":"zabookuj-nas","status":"publish","type":"page","link":"https:\/\/opoleyouthchoir.pl\/?page_id=523","title":{"rendered":"ZABOOKUJ NAS"},"content":{"rendered":"<p>W BUDOWIE<\/p>\n<p>Na swoim koncie mamy ju\u017c sporo wyst\u0119p\u00f3w zar\u00f3wno na konkursach, jak i na presti\u017cowych imprezach Opolszczyzny (np. <strong>XV Opole Gospel Festiwal<\/strong>, <strong>I Wybory Miss i Mistera 60+<\/strong>).<\/p>\n<p>Je\u015bli widzisz nas na swoim evencie, nie czekaj! Zorganizuj swoje wydarzenie z pasj\u0105 i skontaktuj si\u0119 z nami.<\/p>\n","protected":false},"excerpt":{"rendered":"<p>W BUDOWIE Na swoim koncie mamy ju\u017c sporo wyst\u0119p\u00f3w zar\u00f3wno na konkursach, jak i na presti\u017cowych imprezach Opolszczyzny (np. XV [&hellip;]<\/p>\n","protected":false},"author":1,"featured_media":0,"parent":0,"menu_order":0,"comment_status":"closed","ping_status":"closed","template":"","meta":[],"_links":{"self":[{"href":"https:\/\/opoleyouthchoir.pl\/index.php?rest_route=\/wp\/v2\/pages\/523"}],"collection":[{"href":"https:\/\/opoleyouthchoir.pl\/index.php?rest_route=\/wp\/v2\/pages"}],"about":[{"href":"https:\/\/opoleyouthchoir.pl\/index.php?rest_route=\/wp\/v2\/types\/page"}],"author":[{"embeddable":true,"href":"https:\/\/opoleyouthchoir.pl\/index.php?rest_route=\/wp\/v2\/users\/1"}],"replies":[{"embeddable":true,"href":"https:\/\/opoleyouthchoir.pl\/index.php?rest_route=%2Fwp%2Fv2%2Fcomments&post=523"}],"version-history":[{"count":2,"href":"https:\/\/opoleyouthchoir.pl\/index.php?rest_route=\/wp\/v2\/pages\/523\/revisions"}],"predecessor-version":[{"id":546,"href":"https:\/\/opoleyouthchoir.pl\/index.php?rest_route=\/wp\/v2\/pages\/523\/revisions\/546"}],"wp:attachment":[{"href":"https:\/\/opoleyouthchoir.pl\/index.php?rest_route=%2Fwp%2Fv2%2Fmedia&parent=523"}],"curies":[{"name":"wp","href":"https:\/\/api.w.org\/{rel}","templated":true}]}}