{"id":521,"date":"2020-10-18T15:00:41","date_gmt":"2020-10-18T13:00:41","guid":{"rendered":"https:\/\/opoleyouthchoir.pl\/?page_id=521"},"modified":"2020-10-18T15:20:14","modified_gmt":"2020-10-18T13:20:14","slug":"wesprzyj-nas","status":"publish","type":"page","link":"https:\/\/opoleyouthchoir.pl\/?page_id=521","title":{"rendered":"WESPRZYJ NAS"},"content":{"rendered":"<p><strong>OYC<\/strong> funkcjonuje pod skrzyd\u0142ami <strong>Stowarzyszenia Inicjatyw Artystycznych i Edukacyjnych \u201eFabryka Diament\u00f3w\u201d<\/strong>. Jako organizacja non-profit wspiera ch\u00f3r dzi\u0119ki hojno\u015bci os\u00f3b indywidualnych i sponsor\u00f3w. Je\u015bli chcesz pom\u00f3c dzieciom i m\u0142odzie\u017cy w dalszym rozwoju artystycznym, wesprzyj nas!<\/p>\n<p>Informacje o Stowarzyszeniu:<\/p>\n<p>REGON:368621850<br \/>\nNIP:7543161685<br \/>\nKRS:0000701612<\/p>\n<p>Stowarzyszenie powsta\u0142o w pa\u017adzierniku 2017 roku w Opolu z inicjatywy rodzic\u00f3w, tw\u00f3rc\u00f3w i artyst\u00f3w. Naszymi g\u0142\u00f3wnymi celami s\u0105:<\/p>\n<ol>\n<li>Inicjowanie, wspieranie i organizowanie dzia\u0142alno\u015bci artystycznej, edukacyjnej<br \/>\nkulturalnej, literackiej i naukowej.<\/li>\n<li>Podejmowanie i wspieranie prorozwojowych inicjatyw ze szczeg\u00f3lnym uwzgl\u0119dnieniem dzieci i m\u0142odzie\u017cy.<\/li>\n<li>Kszta\u0142towanie tw\u00f3rczych i obywatelskich postaw w\u015br\u00f3d dzieci i m\u0142odzie\u017cy.<\/li>\n<li>Wspieranie edukacji artystycznej i naukowej os\u00f3b uzdolnionych.<\/li>\n<li>Tworzenie i prowadzenie instytucji o charakterze artystyczno-kulturalnym.<\/li>\n<li>Wspieranie kreatywnych rozwi\u0105za\u0144 oraz tw\u00f3rczego rozwoju dzieci, m\u0142odzie\u017cy<br \/>\ni doros\u0142ych.<\/li>\n<\/ol>\n<p>&nbsp;<\/p>\n<p style=\"text-align: center;\">nr konta bankowego: <strong>mbank 95 1140 2004 0000 3802 7723 8908<br \/>\n<\/strong><\/p>\n<p style=\"text-align: center;\"><strong><br \/>\n<a href=\"https:\/\/opoleyouthchoir.pl\/wp-content\/uploads\/2020\/10\/Statut-Fabryka-Diamentow.pdf\" target=\"_blank\" rel=\"noopener noreferrer\">STATUT STOWARZYSZENIA<\/a><br \/>\n<\/strong><\/p>\n<p>&nbsp;<\/p>\n<h4 style=\"text-align: center;\">Do tej pory wsparli nas:<\/h4>\n<h4 style=\"text-align: center;\">MOVIEBIRD<br \/>\nSTEP RECORDS<br \/>\nSKLEP PATRIOTIC<br \/>\nMW MUSIC<br \/>\nFILHARMONIA OPOLSKA<br \/>\nCENTRUM &#8222;SENIOR W OPOLU&#8221;<br \/>\nMUZEUM WSI OPOLSKIEJ<\/h4>\n","protected":false},"excerpt":{"rendered":"<p>OYC funkcjonuje pod skrzyd\u0142ami Stowarzyszenia Inicjatyw Artystycznych i Edukacyjnych \u201eFabryka Diament\u00f3w\u201d. Jako organizacja non-profit wspiera ch\u00f3r dzi\u0119ki hojno\u015bci os\u00f3b indywidualnych [&hellip;]<\/p>\n","protected":false},"author":1,"featured_media":0,"parent":0,"menu_order":0,"comment_status":"closed","ping_status":"closed","template":"","meta":[],"_links":{"self":[{"href":"https:\/\/opoleyouthchoir.pl\/index.php?rest_route=\/wp\/v2\/pages\/521"}],"collection":[{"href":"https:\/\/opoleyouthchoir.pl\/index.php?rest_route=\/wp\/v2\/pages"}],"about":[{"href":"https:\/\/opoleyouthchoir.pl\/index.php?rest_route=\/wp\/v2\/types\/page"}],"author":[{"embeddable":true,"href":"https:\/\/opoleyouthchoir.pl\/index.php?rest_route=\/wp\/v2\/users\/1"}],"replies":[{"embeddable":true,"href":"https:\/\/opoleyouthchoir.pl\/index.php?rest_route=%2Fwp%2Fv2%2Fcomments&post=521"}],"version-history":[{"count":5,"href":"https:\/\/opoleyouthchoir.pl\/index.php?rest_route=\/wp\/v2\/pages\/521\/revisions"}],"predecessor-version":[{"id":540,"href":"https:\/\/opoleyouthchoir.pl\/index.php?rest_route=\/wp\/v2\/pages\/521\/revisions\/540"}],"wp:attachment":[{"href":"https:\/\/opoleyouthchoir.pl\/index.php?rest_route=%2Fwp%2Fv2%2Fmedia&parent=521"}],"curies":[{"name":"wp","href":"https:\/\/api.w.org\/{rel}","templated":true}]}}