{"id":519,"date":"2020-10-18T15:00:31","date_gmt":"2020-10-18T13:00:31","guid":{"rendered":"https:\/\/opoleyouthchoir.pl\/?page_id=519"},"modified":"2024-04-21T12:30:52","modified_gmt":"2024-04-21T10:30:52","slug":"dolacz-do-nas","status":"publish","type":"page","link":"https:\/\/opoleyouthchoir.pl\/?page_id=519","title":{"rendered":"DO\u0141\u0104CZ DO NAS"},"content":{"rendered":"<h6><img loading=\"lazy\" class=\"aligncenter wp-image-471 size-large\" src=\"https:\/\/opoleyouthchoir.pl\/wp-content\/uploads\/2020\/10\/header1a-1024x533.jpg\" alt=\"\" width=\"780\" height=\"406\" srcset=\"https:\/\/opoleyouthchoir.pl\/wp-content\/uploads\/2020\/10\/header1a-1024x533.jpg 1024w, https:\/\/opoleyouthchoir.pl\/wp-content\/uploads\/2020\/10\/header1a-300x156.jpg 300w, https:\/\/opoleyouthchoir.pl\/wp-content\/uploads\/2020\/10\/header1a-768x400.jpg 768w, https:\/\/opoleyouthchoir.pl\/wp-content\/uploads\/2020\/10\/header1a-1536x800.jpg 1536w, https:\/\/opoleyouthchoir.pl\/wp-content\/uploads\/2020\/10\/header1a.jpg 1920w\" sizes=\"(max-width: 780px) 100vw, 780px\" \/><\/h6>\n<h6>Aby zosta\u0107 cz\u0142onkiem ch\u00f3ru, trzeba wzi\u0105\u0107 udzia\u0142 w przes\u0142uchaniu. W przes\u0142uchaniach mog\u0105 spr\u00f3bowa\u0107 swoich si\u0142 wszyscy m\u0142odzi wokali\u015bci w wieku 7-21 lat, a s\u0105 tylko dwa kroki:<\/h6>\n<ol>\n<li>Wy\u015blij swoje nagranie wybranej piosenki (mp3\/mp4\/avi) na nasz adres email. Do\u0142\u0105cz do tego informacje: Tw\u00f3j wiek, kontakt to rodzica\/rodzic\u00f3w (imi\u0119, nazwisko, numer telefonu). Pami\u0119taj, aby wybra\u0107 piosenk\u0119 odpowiedni\u0105 do wieku i stylu w jakim si\u0119 dobrze czujesz.<\/li>\n<li>Przes\u0142uchania na \u017cywo, tylko na zaproszenie. Oczekujemy, \u017ce wykonasz jedn\u0105 (7-10 lat) lub dwie (11 i wi\u0119cej lat) piosenki A Cappella ( oko\u0142o 1 minuty ka\u017cda, jedna MUSI by\u0107 w j\u0119zyku polskim). Pami\u0119taj, aby pokazywa\u0142y Twoje mo\u017cliwo\u015bci wokalne. Dodatkowo sprawdzimy dykcj\u0119, s\u0142uch, rytm, skal\u0119, prezencj\u0119 sceniczn\u0105.<\/li>\n<\/ol>\n<p><strong>Jakie zobowi\u0105zania finansowe niesie za sob\u0105 cz\u0142onkostwo nowych wokalist\u00f3w w ch\u00f3rze?<\/strong><br \/>\n<strong>1100z\u0142 rocznie, roz\u0142o\u017cone na 11 miesi\u0119cznych rat po 100z\u0142 (przez miesi\u0105ce wakacyjne 50% raty).<\/strong><\/p>\n<p>&nbsp;<\/p>\n<p><img loading=\"lazy\" class=\"wp-image-881 size-large aligncenter\" src=\"https:\/\/opoleyouthchoir.pl\/wp-content\/uploads\/2024\/04\/293294827_469901291803543_113312331332542003_n-1024x576.jpg\" alt=\"\" width=\"780\" height=\"439\" srcset=\"https:\/\/opoleyouthchoir.pl\/wp-content\/uploads\/2024\/04\/293294827_469901291803543_113312331332542003_n-1024x576.jpg 1024w, https:\/\/opoleyouthchoir.pl\/wp-content\/uploads\/2024\/04\/293294827_469901291803543_113312331332542003_n-300x169.jpg 300w, https:\/\/opoleyouthchoir.pl\/wp-content\/uploads\/2024\/04\/293294827_469901291803543_113312331332542003_n-768x432.jpg 768w, https:\/\/opoleyouthchoir.pl\/wp-content\/uploads\/2024\/04\/293294827_469901291803543_113312331332542003_n.jpg 1440w\" sizes=\"(max-width: 780px) 100vw, 780px\" \/><\/p>\n<h6>Aby zosta\u0107 cz\u0142onkiem grupy Babskie VocaLove trzeba podda\u0107 si\u0119 te\u017c przes\u0142uchaniom. Mog\u0105 w nich wzi\u0105\u0107 udzia\u0142 kobiety w wieku 20+ w nast\u0119puj\u0105cy spos\u00f3b:<\/h6>\n<ol>\n<li>Wy\u015blij swoje nagranie wybranej piosenki (mp3\/mp4\/avi) na nasz adres email.<\/li>\n<li>Um\u00f3w si\u0119 na przes\u0142uchania na \u017cywo z prowadz\u0105c\u0105.<\/li>\n<\/ol>\n<p><strong>Jakie zobowi\u0105zania finansowe niesie za sob\u0105 udzia\u0142 w zaj\u0119ciach Babskie VocaLove?<\/strong><br \/>\n<strong>1700z\u0142 za sezon (wrzesie\u0144-czerwiec), roz\u0142o\u017cone na 10 miesi\u0119cznych rat po 170z\u0142.<\/strong><\/p>\n","protected":false},"excerpt":{"rendered":"<p>Aby zosta\u0107 cz\u0142onkiem ch\u00f3ru, trzeba wzi\u0105\u0107 udzia\u0142 w przes\u0142uchaniu. W przes\u0142uchaniach mog\u0105 spr\u00f3bowa\u0107 swoich si\u0142 wszyscy m\u0142odzi wokali\u015bci w wieku [&hellip;]<\/p>\n","protected":false},"author":1,"featured_media":531,"parent":0,"menu_order":0,"comment_status":"closed","ping_status":"closed","template":"page-templates\/full-width.php","meta":[],"_links":{"self":[{"href":"https:\/\/opoleyouthchoir.pl\/index.php?rest_route=\/wp\/v2\/pages\/519"}],"collection":[{"href":"https:\/\/opoleyouthchoir.pl\/index.php?rest_route=\/wp\/v2\/pages"}],"about":[{"href":"https:\/\/opoleyouthchoir.pl\/index.php?rest_route=\/wp\/v2\/types\/page"}],"author":[{"embeddable":true,"href":"https:\/\/opoleyouthchoir.pl\/index.php?rest_route=\/wp\/v2\/users\/1"}],"replies":[{"embeddable":true,"href":"https:\/\/opoleyouthchoir.pl\/index.php?rest_route=%2Fwp%2Fv2%2Fcomments&post=519"}],"version-history":[{"count":5,"href":"https:\/\/opoleyouthchoir.pl\/index.php?rest_route=\/wp\/v2\/pages\/519\/revisions"}],"predecessor-version":[{"id":884,"href":"https:\/\/opoleyouthchoir.pl\/index.php?rest_route=\/wp\/v2\/pages\/519\/revisions\/884"}],"wp:featuredmedia":[{"embeddable":true,"href":"https:\/\/opoleyouthchoir.pl\/index.php?rest_route=\/wp\/v2\/media\/531"}],"wp:attachment":[{"href":"https:\/\/opoleyouthchoir.pl\/index.php?rest_route=%2Fwp%2Fv2%2Fmedia&parent=519"}],"curies":[{"name":"wp","href":"https:\/\/api.w.org\/{rel}","templated":true}]}}